{"id":12,"date":"2023-02-08T18:44:18","date_gmt":"2023-02-08T17:44:18","guid":{"rendered":"https:\/\/www.guliapfactory.com\/?page_id=12"},"modified":"2023-02-09T19:09:13","modified_gmt":"2023-02-09T18:09:13","slug":"politica-de-venta-online","status":"publish","type":"page","link":"https:\/\/www.guliapfactory.com\/ca\/politica-de-venta-online\/","title":{"rendered":"Pol\u00edtica de Venda Online"},"content":{"rendered":"<div class=\"wpb-content-wrapper\"><div class=\"vc_row wpb_row vc_row-fluid\"><div class=\"wpb_column vc_column_container vc_col-sm-3\"><div class=\"vc_column-inner\"><div class=\"wpb_wrapper\"><\/div><\/div><\/div><div class=\"wpb_column vc_column_container vc_col-sm-6 vc_col-has-fill wd-rs-63e3e0c066be6\"><div class=\"vc_column-inner vc_custom_1675878611889\"><div class=\"wpb_wrapper\">\n\t<div class=\"wpb_text_column wpb_content_element\" >\n\t\t<div class=\"wpb_wrapper\">\n\t\t\t<h2 style=\"text-align: center;\">CONDICIONS GENERALS DE VENDA ONLINE<\/h2>\n<p>Les compres realitzades a Guliap Factory queden sotmeses a les condicions generals de venda contingudes a la p\u00e0gina en el moment de cursar-se la corresponent ordre de compra. La formalitzaci\u00f3 d'una comanda comporta la seva acceptaci\u00f3 \u00edntegra.<\/p>\n<p><strong>CELEBRACI\u00d3 DEL CONTRACTE\u00a0<\/strong><\/p>\n<p class=\"translation-block\">La informaci\u00f3 relativa a la disponibilitat d'una obra d'art, que apareix a la p\u00e0gina, est\u00e0 subjecta a canvis sense av\u00eds previ que depenen de la demanda dels nostres clients i de la disposici\u00f3 dels nostres artistes.<br>Quan realitzi una comanda els ho confirmarem per correu electr\u00f2nic i us informarem sobre qualsevol modificaci\u00f3 de disponibilitat relativa a les obres que voleu. Ha de revisar aquest correu i comunicar-nos immediatament qualsevol error o discrep\u00e0ncia pel que fa al preu, el lliurament o la forma de pagament. adre\u00e7a d'enviament imprecisa que pugui dificultar el lliurament de les obres.<br>Guliap Factory respecta el seu dret a canviar d'opini\u00f3. Si voleu anul\u00b7lar una comanda que encara no ha estat expedida, podeu fer-ho indicant per escrit a l'adre\u00e7a electr\u00f2nica info@guliapfactory.com el n\u00famero de comanda que voleu cancel\u00b7lar.<\/p>\n<p><strong>LLIURAMENT\u00a0<\/strong><\/p>\n<p class=\"translation-block\">Les comandes seran lliurades en un \u00fanic enviament.<br>Les despeses d'enviament seran abonades independentment per a cada enviament.<br>El termini de lliurament de cada article quedar\u00e0 subjecte al lloc de destinaci\u00f3 de la comanda, a la disponibilitat de les obres i al tipus d'enviament que hagi sol\u00b7licitat.<br>En els enviaments internacionals, els costos addicionals derivats dels diferents despatxos de duanes, hauran de ser abonats pel client.<\/p>\n<p><strong>MITJANS DE PAGAMENT\u00a0<\/strong><\/p>\n<p>Guliap Factory accepta com a mitjans de pagament electr\u00f2nic la transfer\u00e8ncia banc\u00e0ria.<\/p>\n<p><strong>DEVOLUCI\u00d3\u00a0<\/strong><\/p>\n<p class=\"translation-block\">Guliap Factory acceptar\u00e0 totes les devolucions que s'efectu\u00efn dins del termini assenyalat (7 dies des de la recepci\u00f3 de l'article) i sempre que l'obra d'art es trobe en perfecte estat i en el seu embalatge original, degudament informada d'aquesta devoluci\u00f3 amb 3 dies m\u00ednim d'antelaci\u00f3 .<br>Una vegada rebuda l'obra al nostre domicili a Barcelona, Guliap Factory procedir\u00e0 a la comprovaci\u00f3 del seu estat abans de procedir al reintegrament del seu import.<\/p>\n<p><strong>IMPOSTOS\u00a0<\/strong><\/p>\n<p>Guliap Factory aplica els impostos segons el que estableix la legislaci\u00f3 espanyola vigent.<\/p>\n<p><strong>LLEI APLICABLE\u00a0<\/strong><\/p>\n<p class=\"translation-block\">Les compres realitzades a Guliap Factory queden sotmeses a la normativa vigent espanyola ia la resta de la legislaci\u00f3 concordant. Respecte a qualsevol discrep\u00e0ncia o diverg\u00e8ncia que pogu\u00e9s sorgir sobre el compliment o la interpretaci\u00f3 de l'acord de compra aconseguit, o alguna de les seves condicions , les parts se sotmeten als jutjats i tribunals de Barcelona.<\/p>\n<p>&nbsp;<\/p>\n\n\t\t<\/div>\n\t<\/div>\n<\/div><\/div><\/div><div class=\"wpb_column vc_column_container vc_col-sm-3\"><div class=\"vc_column-inner\"><div class=\"wpb_wrapper\"><\/div><\/div><\/div><\/div><\/div>","protected":false},"excerpt":{"rendered":"CONDICIONES GENERALES DE VENTA ONLINE Las compras realizadas en Guliap Factory quedan sometidas a las condiciones generales de venta contenidas","protected":false},"author":1,"featured_media":0,"parent":0,"menu_order":0,"comment_status":"closed","ping_status":"closed","template":"","meta":{"footnotes":""},"class_list":["post-12","page","type-page","status-publish","hentry"],"_links":{"self":[{"href":"https:\/\/www.guliapfactory.com\/ca\/wp-json\/wp\/v2\/pages\/12","targetHints":{"allow":["GET"]}}],"collection":[{"href":"https:\/\/www.guliapfactory.com\/ca\/wp-json\/wp\/v2\/pages"}],"about":[{"href":"https:\/\/www.guliapfactory.com\/ca\/wp-json\/wp\/v2\/types\/page"}],"author":[{"embeddable":true,"href":"https:\/\/www.guliapfactory.com\/ca\/wp-json\/wp\/v2\/users\/1"}],"replies":[{"embeddable":true,"href":"https:\/\/www.guliapfactory.com\/ca\/wp-json\/wp\/v2\/comments?post=12"}],"version-history":[{"count":4,"href":"https:\/\/www.guliapfactory.com\/ca\/wp-json\/wp\/v2\/pages\/12\/revisions"}],"predecessor-version":[{"id":8038,"href":"https:\/\/www.guliapfactory.com\/ca\/wp-json\/wp\/v2\/pages\/12\/revisions\/8038"}],"wp:attachment":[{"href":"https:\/\/www.guliapfactory.com\/ca\/wp-json\/wp\/v2\/media?parent=12"}],"curies":[{"name":"wp","href":"https:\/\/api.w.org\/{rel}","templated":true}]}}