{"id":3,"date":"2022-11-18T17:01:56","date_gmt":"2022-11-18T17:01:56","guid":{"rendered":"https:\/\/www.guliapfactory.com\/?page_id=3"},"modified":"2023-02-09T19:45:38","modified_gmt":"2023-02-09T18:45:38","slug":"politica-de-privacidad","status":"publish","type":"page","link":"https:\/\/www.guliapfactory.com\/ca\/politica-de-privacidad\/","title":{"rendered":"Pol\u00edtica de privacitat"},"content":{"rendered":"<div class=\"wpb-content-wrapper\"><div class=\"vc_row wpb_row vc_row-fluid\"><div class=\"wpb_column vc_column_container vc_col-sm-3\"><div class=\"vc_column-inner\"><div class=\"wpb_wrapper\"><\/div><\/div><\/div><div class=\"wpb_column vc_column_container vc_col-sm-6 vc_col-has-fill wd-rs-63e3e076ab3d1\"><div class=\"vc_column-inner vc_custom_1675878541849\"><div class=\"wpb_wrapper\">\n\t<div class=\"wpb_text_column wpb_content_element\" >\n\t\t<div class=\"wpb_wrapper\">\n\t\t\t<div class=\"post-title-wrapper\">\n<h1 class=\"post-title\" style=\"text-align: left;\"><strong style=\"font-size: 22px;\">CONDICIONS D'\u00daS<\/strong><\/h1>\n<\/div>\n<p>L'adre\u00e7a de la nostra web \u00e9s:<\/p>\n<p>L'\u00fas d'aquest lloc web est\u00e0 condicionat a l'acceptaci\u00f3 pels usuaris dels termes i condicions detallats aqu\u00ed. En utilitzar aquest lloc web s'entendr\u00e0 que vost\u00e8 manifesta el seu acord, de forma t\u00e0cita, plena i sense reserves, amb la totalitat del contingut de les presents condicions d'\u00fas a la seva versi\u00f3 publicada al lloc web en el moment de l'acc\u00e9s. Si no les accepteu, \u00e9s lliure d'abandonar el lloc web.<\/p>\n<p>Guliap Factory es reserva el dret a modificar aquestes condicions d'\u00fas quan ho consideri oport\u00fa i sense av\u00eds previ. L\u00fas daquest lloc web estar\u00e0 subjecte a una versi\u00f3 m\u00e9s recent publicada al lloc en el moment de lacc\u00e9s.<\/p>\n<h3><strong>PROPIETAT D'AQUESTA P\u00c0GINA\u00a0WEB<\/strong><\/h3>\n<p><strong>Nom:<\/strong> J\u00falia R\u00edos P\u00e9rez<\/p>\n<p><strong>DNI.:<\/strong> 47839782N<\/p>\n<p><strong>Adre\u00e7a:<\/strong> C\/ Papiol, 3<\/p>\n<p><strong>Poblaci\u00f3:<\/strong> 08720 Vilafranca del Pened\u00e8s<\/p>\n<p><strong>Prov\u00edncia:<\/strong> Barcelona<\/p>\n<p><strong>Nom art\u00edstic:<\/strong> Guliap Factory<\/p>\n<p>Aquest lloc web \u00e9s propietat i est\u00e0 mantingut per Guliap Factory i actua mercantilment com a portal d'art. Tots els drets del contingut incl\u00f2s en aquesta web, aix\u00ed com les imatges, textos, v\u00eddeos, il\u00b7lustracions i programes inform\u00e0tics s\u00f3n propietat de Guliap Factory i\/o els seus artistes. Tots els elements de la web de Guliap Factory, incloent-hi sense limitacions, el disseny general i el contingut estan protegits per les lleis de la propietat intel\u00b7lectual.<\/p>\n<h3><strong>\u00daS DEL CONTINGUT<\/strong><\/h3>\n<p>A menys que sigui expl\u00edcitament autoritzat per Guliap Factory, no podeu reproduir, plagiar, copiar, distribuir, transmetre o explotar el contingut d'aquest web de cap manera. S'haur\u00e0 d'atenir a les condicions d'\u00fas establertes i haur\u00e0 d'indemnitzar Guliap Factory i\/o els seus artistes contra qualsevol p\u00e8rdua, despesa, cost, dany o perjudici que resulti de l'incompliment per part de les presents condicions o de l'\u00fas del contingut d'aquest web sense pr\u00e8via autoritzaci\u00f3.<\/p>\n<h3><strong>LEGISLACI\u00d3 I JURISDICCI\u00d3 APLICABLE<\/strong><\/h3>\n<p>Aquestes condicions han de ser interpretades i regides per la legislaci\u00f3 espanyola, i qualsevol disputa derivada d'aquestes condicions s'haur\u00e0 de dirimir davant els tribunals de Barcelona, Espanya. Aquest acord no estar\u00e0 regulat per la convenci\u00f3 de les Nacions Unides sobre els contractes per a la venda internacional de mercaderies, l'aplicaci\u00f3 dels quals es rebutja expressament.<\/p>\n<h3><\/h3>\n<h3>CONFIDENCIALITAT<\/h3>\n<p>A Guliap Factory respectem el seu dret a la intimitat i comprenem com n'\u00e9s d'important la confidencialitat i seguretat de les dades que l'identifiquen com a usuari del nostre portal.<br \/>\nA tal efecto, deseamos informarle de lo siguiente:<\/p>\n<p>\u2013 quan es registri o compri al nostre portal, haur\u00e0 d'especificar les dades que necessitem per a un efectiu tractament a la nostra base interna. Aquestes dades ens permetran tramitar la vostra comanda, aix\u00ed com informar-vos puntualment de l'estat de la mateixa.<\/p>\n<p>\u2013 Les operacions de pagament en l\u00ednia s'efectuaran a trav\u00e9s de transfer\u00e8ncia banc\u00e0ria (possibilitat d'afegir qualsevol altre m\u00e8tode d'aqu\u00ed a un temps). Guliap Factory no emmagatzema les dades corresponents a la targeta de cr\u00e8dit o d\u00e8bit (si fos el cas, actualment no ho \u00e9s).<\/p>\n<h3>PROTECCI\u00d3 DE DADES<\/h3>\n<p>A Guliap Factory disposem d'estrictes procediments de seguretat relatius a l'emmagatzematge i revelaci\u00f3 de dades a fi d'evitar-ne tot acc\u00e9s no autoritzat, d'acord amb el que disposa l'article 9 de la llei org\u00e0nica 15\/1999, de protecci\u00f3 de dades de car\u00e0cter personal.<\/p>\n<p>Guliap Factory us informa que, despr\u00e9s d'emplenar el formulari de consulta, incorporareu les vostres dades personals a un fitxer automatitzat de dades intern (no s'estendr\u00e0 a cap tercer, sempre que no sigui a trav\u00e9s de decret judicial i hi estiguem obligats).<\/p>\n<p>Guliap Factory us garanteix, que tractar\u00e0 confidencialment les vostres dades personals ja que els fitxers en els quals s'emmagatzemaran i tractaran aquestes dades gaudeixen de les mesures de seguretat necess\u00e0ries per evitar la p\u00e8rdua, tractament o l'acc\u00e9s no autoritzat a aquestes dades per part de tercers .<\/p>\n<p>Per aix\u00f2 i en compliment amb all\u00f2 establert llei 34\/2002, d'11 de juliol, de serveis de la societat de la informaci\u00f3 i de comer\u00e7 electr\u00f2nic, Guliap Factory informa que podr\u00e0 utilitzar les adreces de correu electr\u00f2nic facilitades, per remetre't informaci\u00f3 de car\u00e0cter cultural i comercial d'inter\u00e8s relativa a l'activitat de la galeria en l\u00ednia.<\/p>\n<p>Aix\u00ed mateix, us informem de la vostra capacitat d'exercir, en els termes establerts a la LOPD, els drets d'acc\u00e9s, rectificaci\u00f3, cancel\u00b7laci\u00f3 i oposici\u00f3 de les vostres dades de car\u00e0cter personal, sent el responsable del fitxer Guliap Factory.<\/p>\n<p>En cas que no vulguin rebre m\u00e9s comunicacions per part de Guliap Factory, ens poden enviar un correu electr\u00f2nic a info@guliapfactory.com, on ens manifesti la seva voluntat de desvincular-se de tot contacte amb nosaltres.<\/p>\n\n\t\t<\/div>\n\t<\/div>\n<\/div><\/div><\/div><div class=\"wpb_column vc_column_container vc_col-sm-3\"><div class=\"vc_column-inner\"><div class=\"wpb_wrapper\"><\/div><\/div><\/div><\/div>\n<\/div>","protected":false},"excerpt":{"rendered":"CONDICIONES DE USO La direcci\u00f3n de nuestra web es: https:\/\/www.guliapfactory.com El uso de este sitio web est\u00e1 condicionado a la","protected":false},"author":1,"featured_media":0,"parent":0,"menu_order":0,"comment_status":"closed","ping_status":"open","template":"","meta":{"footnotes":""},"class_list":["post-3","page","type-page","status-publish","hentry"],"_links":{"self":[{"href":"https:\/\/www.guliapfactory.com\/ca\/wp-json\/wp\/v2\/pages\/3","targetHints":{"allow":["GET"]}}],"collection":[{"href":"https:\/\/www.guliapfactory.com\/ca\/wp-json\/wp\/v2\/pages"}],"about":[{"href":"https:\/\/www.guliapfactory.com\/ca\/wp-json\/wp\/v2\/types\/page"}],"author":[{"embeddable":true,"href":"https:\/\/www.guliapfactory.com\/ca\/wp-json\/wp\/v2\/users\/1"}],"replies":[{"embeddable":true,"href":"https:\/\/www.guliapfactory.com\/ca\/wp-json\/wp\/v2\/comments?post=3"}],"version-history":[{"count":7,"href":"https:\/\/www.guliapfactory.com\/ca\/wp-json\/wp\/v2\/pages\/3\/revisions"}],"predecessor-version":[{"id":8039,"href":"https:\/\/www.guliapfactory.com\/ca\/wp-json\/wp\/v2\/pages\/3\/revisions\/8039"}],"wp:attachment":[{"href":"https:\/\/www.guliapfactory.com\/ca\/wp-json\/wp\/v2\/media?parent=3"}],"curies":[{"name":"wp","href":"https:\/\/api.w.org\/{rel}","templated":true}]}}