{"id":6935,"date":"2022-11-21T12:04:25","date_gmt":"2022-11-21T11:04:25","guid":{"rendered":"https:\/\/www.guliapfactory.com\/?page_id=6935"},"modified":"2023-06-26T19:13:36","modified_gmt":"2023-06-26T17:13:36","slug":"la-artista","status":"publish","type":"page","link":"https:\/\/www.guliapfactory.com\/ca\/la-artista\/","title":{"rendered":"L'Artista"},"content":{"rendered":"<div class=\"wpb-content-wrapper\"><div data-vc-full-width=\"true\" data-vc-full-width-temp=\"true\" data-vc-full-width-init=\"false\" data-vc-stretch-content=\"true\" class=\"vc_row wpb_row vc_row-fluid wd-rs-637d1d33285bf\"><div class=\"wpb_column vc_column_container vc_col-sm-12\"><div class=\"vc_column-inner\"><div class=\"wpb_wrapper\">\n\t\t<div id=\"wd-637d05bd8011a\" class=\"title-wrapper wd-wpb wd-set-mb reset-last-child  wd-rs-637d05bd8011a wd-title-color-default wd-title-style-underlined text-center vc_custom_1669137867019 wd-underline-colored\">\n\t\t\t\n\t\t\t<div class=\"liner-continer\">\n\t\t\t\t<h4 class=\"woodmart-title-container title  wd-font-weight-400 wd-fontsize-l\" >L'Artista<\/h4>\n\t\t\t\t\t\t\t<\/div>\n\t\t\t\n\t\t\t\n\t\t\t\n\t\t<\/div>\n\t\t\n\t\t\t\t<div id=\"wd-63e2a2a471dd2\" class=\"wd-text-block wd-wpb reset-last-child wd-rs-63e2a2a471dd2 text-left color-title wd-fontsize-custom font-primary vc_custom_1675797159554\">\n\t\t\t<h5 style=\"text-align: center;\"><span style=\"color: #808080;\">Guliap Factory<\/span><\/h5>\n\t\t<\/div>\n\t\t<\/div><\/div><\/div><\/div><div class=\"vc_row-full-width vc_clearfix\"><\/div><div data-vc-full-width=\"true\" data-vc-full-width-temp=\"true\" data-vc-full-width-init=\"false\" data-vc-stretch-content=\"true\" class=\"vc_row wpb_row vc_row-fluid vc_custom_1669137626831 vc_row-has-fill vc_row-o-equal-height vc_row-o-content-middle vc_row-flex wd-bg-center-center wd-rs-637d04bccdefd\"><div class=\"wpb_column vc_column_container vc_col-sm-12 vc_col-lg-6 vc_col-md-6 vc_col-xs-12\"><div class=\"vc_column-inner vc_custom_1533223412131\"><div class=\"wpb_wrapper\">\t\t<div id=\"wd-6499c71e0e8ad\" class=\"wd-image wd-wpb wd-rs-6499c71e0e8ad text-center vc_custom_1687799577216\">\n\t\t\t\n\t\t\t<img decoding=\"async\" width=\"800\" height=\"600\" data-src=\"https:\/\/www.guliapfactory.com\/wp-content\/uploads\/2023\/06\/G-juny23-800x600.jpg\" class=\"attachment-800x600 size-800x600 lazyload\" alt=\"\" src=\"data:image\/svg+xml;base64,PHN2ZyB3aWR0aD0iMSIgaGVpZ2h0PSIxIiB4bWxucz0iaHR0cDovL3d3dy53My5vcmcvMjAwMC9zdmciPjwvc3ZnPg==\" style=\"--smush-placeholder-width: 800px; --smush-placeholder-aspect-ratio: 800\/600;\" \/>\n\t\t\t\t\t<\/div>\n\t\t<\/div><\/div><\/div><div class=\"wpb_column vc_column_container vc_col-sm-12 vc_col-lg-6 vc_col-md-6 vc_col-xs-12 wd-rs-6114edbf46e16\"><div class=\"vc_column-inner vc_custom_1628761542222\"><div class=\"wpb_wrapper\">\t\t<div id=\"wd-63ee47ece5be0\" class=\"wd-text-block wd-wpb reset-last-child wd-rs-63ee47ece5be0 text-left wd-fontsize-custom vc_custom_1676560375067\">\n\t\t\t<p style=\"text-align: justify;\" class=\"translation-block\"><strong>Guliap Factory<\/strong> neix de l'exploraci\u00f3 de l'inconscient amb la finalitat de trobar una eina per a entendre i gestionar les emocions que es tornen f\u00edsiques.<\/p>\n<p style=\"text-align: justify;\">La bellesa no s'idealitza i nom\u00e9s es mostra com la subjectivitat del proc\u00e9s.<\/p>\n<p style=\"text-align: justify;\">L'art es converteix en un trajecte de cerca evident on busca di\u00e0leg amb la brutalitat i l'agressivitat per a poder incorporar l\u00ednies, colors, formes que s'identifiquin amb aquest estat f\u00edsic en el qual es manifesten les emocions.<\/p>\n<p style=\"text-align: justify;\">En aquestes obres hi ha guerra contra una mateixa i pau en retornar al cos l'atenci\u00f3.<\/p>\n<p style=\"text-align: justify;\" class=\"translation-block\"><strong>Guliap (J\u00falia)<\/strong> fa anys que explora t\u00e8cniques, formats i processos art\u00edstics per a arribar a la finalitat de la puresa i de la identitat de tot el caos que transmuta al pla visual i f\u00edsic.<\/p>\n\t\t<\/div>\n\t\t\t\t\t<div\n\t\t\t\t\t\tclass=\"wd-rs-63e379977907b wd-social-icons vc_custom_1675852187476 wd-style-colored wd-size-large social-follow wd-shape-circle text-center\">\n\t\t\t\t\n\t\t\t\t\n\t\t\t\t\n\t\t\t\t\n\t\t\t\t\n\t\t\t\t\n\t\t\t\t\t\t\t\t\t<a rel=\"noopener noreferrer nofollow\" href=\"https:\/\/www.instagram.com\/art.guliap\/?hl=es\" target=\"_blank\" class=\"wd-social-icon social-instagram\" aria-label=\"Instagram social link\">\n\t\t\t\t\t\t<span class=\"wd-icon\"><\/span>\n\t\t\t\t\t\t\t\t\t\t\t<\/a>\n\t\t\t\t\n\t\t\t\t\n\t\t\t\t\n\t\t\t\t\n\t\t\t\t\n\t\t\t\t\n\t\t\t\t\n\t\t\t\t\n\t\t\t\t\n\t\t\t\t\n\t\t\t\t\n\t\t\t\t\n\t\t\t\t\n\t\t\t\t\n\t\t\t\t\n\t\t\t\t\n\t\t\t\t\n\t\t\t\t\n\t\t\t\t\n\t\t\t\t\n\t\t\t\t\n\t\t\t\t\n\t\t\t<\/div>\n\n\t\t<\/div><\/div><\/div><\/div><div class=\"vc_row-full-width vc_clearfix\"><\/div>\n<\/div>","protected":false},"excerpt":{"rendered":"La Artista Guliap Factory Guliap Factory nace de la exploraci\u00f3n del inconsciente con la finalidad de encontrar una herramienta para","protected":false},"author":1,"featured_media":0,"parent":0,"menu_order":0,"comment_status":"closed","ping_status":"closed","template":"","meta":{"footnotes":""},"class_list":["post-6935","page","type-page","status-publish","hentry"],"_links":{"self":[{"href":"https:\/\/www.guliapfactory.com\/ca\/wp-json\/wp\/v2\/pages\/6935","targetHints":{"allow":["GET"]}}],"collection":[{"href":"https:\/\/www.guliapfactory.com\/ca\/wp-json\/wp\/v2\/pages"}],"about":[{"href":"https:\/\/www.guliapfactory.com\/ca\/wp-json\/wp\/v2\/types\/page"}],"author":[{"embeddable":true,"href":"https:\/\/www.guliapfactory.com\/ca\/wp-json\/wp\/v2\/users\/1"}],"replies":[{"embeddable":true,"href":"https:\/\/www.guliapfactory.com\/ca\/wp-json\/wp\/v2\/comments?post=6935"}],"version-history":[{"count":10,"href":"https:\/\/www.guliapfactory.com\/ca\/wp-json\/wp\/v2\/pages\/6935\/revisions"}],"predecessor-version":[{"id":8151,"href":"https:\/\/www.guliapfactory.com\/ca\/wp-json\/wp\/v2\/pages\/6935\/revisions\/8151"}],"wp:attachment":[{"href":"https:\/\/www.guliapfactory.com\/ca\/wp-json\/wp\/v2\/media?parent=6935"}],"curies":[{"name":"wp","href":"https:\/\/api.w.org\/{rel}","templated":true}]}}