{"id":3,"date":"2022-11-18T17:01:56","date_gmt":"2022-11-18T17:01:56","guid":{"rendered":"https:\/\/www.guliapfactory.com\/?page_id=3"},"modified":"2023-02-09T19:45:38","modified_gmt":"2023-02-09T18:45:38","slug":"politica-de-privacidad","status":"publish","type":"page","link":"https:\/\/www.guliapfactory.com\/en\/politica-de-privacidad\/","title":{"rendered":"Privacy Policy"},"content":{"rendered":"<div class=\"wpb-content-wrapper\"><div class=\"vc_row wpb_row vc_row-fluid\"><div class=\"wpb_column vc_column_container vc_col-sm-3\"><div class=\"vc_column-inner\"><div class=\"wpb_wrapper\"><\/div><\/div><\/div><div class=\"wpb_column vc_column_container vc_col-sm-6 vc_col-has-fill wd-rs-63e3e076ab3d1\"><div class=\"vc_column-inner vc_custom_1675878541849\"><div class=\"wpb_wrapper\">\n\t<div class=\"wpb_text_column wpb_content_element\" >\n\t\t<div class=\"wpb_wrapper\">\n\t\t\t<div class=\"post-title-wrapper\">\n<h1 class=\"post-title\" style=\"text-align: left;\"><strong style=\"font-size: 22px;\">TERMS OF USE<\/strong><\/h1>\n<\/div>\n<p>The address of our website is:<\/p>\n<p>The use of this website is conditioned to the acceptance by the users of the terms and conditions detailed here. By using this website it will be understood that you express your tacit, full and unreserved agreement with the entire content of these conditions of use in its version published on the website at the time of access. If you do not accept them, you are free to leave the website.<\/p>\n<p>Guliap Factory reserves the right to modify these conditions of use when it deems appropriate and without prior notice. Use of this website will be subject to a most recent version posted on the site at the time of access.<\/p>\n<h3><strong>OWNERSHIP OF THIS WEB PAGE<\/strong><\/h3>\n<p><strong>Name:<\/strong> J\u00falia R\u00edos P\u00e9rez<\/p>\n<p><strong>DNI.:<\/strong> 47839782N<\/p>\n<p><strong>Address:<\/strong> C\/ Papiol, 3<\/p>\n<p><strong>Population:<\/strong> 08720 Vilafranca del Pened\u00e8s<\/p>\n<p><strong>Province:<\/strong> Barcelona<\/p>\n<p><strong>Stage name:<\/strong> Guliap Factory<\/p>\n<p>This website is owned and maintained by Guliap Factory and acts commercially as an art portal. All rights to the content included in said website, as well as the images, texts, videos, illustrations and computer programs are the property of Guliap Factory and\/or its artists. All elements of the Guliap Factory website, including without limitation, the general design and content are protected by intellectual property laws.<\/p>\n<h3><strong>USE OF CONTENT<\/strong><\/h3>\n<p>Unless explicitly authorized by Guliap Factory, you may not reproduce, plagiarize, copy, distribute, transmit or exploit the content of this website in any way. You must abide by the established conditions of use and you must indemnify Guliap Factory and\/or its artists against any loss, expense, cost, damage or harm resulting from your breach of these conditions or from the use of the content of this website without prior authorization.<\/p>\n<h3><strong>APPLICABLE LAW AND JURISDICTION<\/strong><\/h3>\n<p>These conditions must be interpreted and are governed by Spanish law, and any dispute arising from these conditions must be settled before the courts of Barcelona, Spain. This agreement will not be governed by the United Nations convention on contracts for the international sale of merchandise, the application of which is expressly rejected.<\/p>\n<h3><\/h3>\n<h3>CONFIDENTIALITY<\/h3>\n<p>At Guliap Factory we respect your right to privacy and we understand how important the confidentiality and security of the data that identifies you as a user of our portal is for you.<br \/>\nA tal efecto, deseamos informarle de lo siguiente:<\/p>\n<p>\u2013 When you register or purchase on our portal, you must specify the data that we need for effective treatment in our internal database. These data will allow us to process your order, as well as inform you promptly about its status.<\/p>\n<p>\u2013 Online payment operations will be made through bank transfer (possibility of adding any other method from here at a time). Guliap Factory does not store the data corresponding to your credit or debit card (if it were the case, currently it is not).<\/p>\n<h3>DATA PROTECTION<\/h3>\n<p>At Guliap Factory we have strict security procedures related to the storage and disclosure of data in order to avoid any unauthorized access to them, in accordance with the provisions of article 9 of organic law 15\/1999, on the protection of personal data. personal character.<\/p>\n<p>Guliap Factory informs you that, after completing the inquiry form, it will incorporate your personal data into an internal automated data file (it will not be extended to any third party, as long as it is not through judicial decree and we are obliged to do so).<\/p>\n<p>Guliap Factory guarantees that it will treat your personal data confidentially, since the files in which said data will be stored and processed have the necessary security measures to prevent loss, treatment or unauthorized access to said data by third parties. .<\/p>\n<p>For this reason and in compliance with the provisions of Law 34\/2002, of July 11, on services of the information society and electronic commerce, Guliap Factory informs that it may use the email addresses provided, to send you information of a cultural nature. and commercial of interest related to the activity of the online gallery.<\/p>\n<p>Likewise, we inform you of your ability to exercise, in the terms established in the LOPD, the rights of access, rectification, cancellation and opposition of your personal data, being the person in charge of the Guliap Factory file.<\/p>\n<p>In case you do not want to receive any more communications from Guliap Factory, you can send us an email to info@guliapfactory.com, where you express your willingness to disassociate yourself from all contact with us.<\/p>\n\n\t\t<\/div>\n\t<\/div>\n<\/div><\/div><\/div><div class=\"wpb_column vc_column_container vc_col-sm-3\"><div class=\"vc_column-inner\"><div class=\"wpb_wrapper\"><\/div><\/div><\/div><\/div>\n<\/div>","protected":false},"excerpt":{"rendered":"CONDICIONES DE USO La direcci\u00f3n de nuestra web es: https:\/\/www.guliapfactory.com El uso de este sitio web est\u00e1 condicionado a la","protected":false},"author":1,"featured_media":0,"parent":0,"menu_order":0,"comment_status":"closed","ping_status":"open","template":"","meta":{"footnotes":""},"class_list":["post-3","page","type-page","status-publish","hentry"],"_links":{"self":[{"href":"https:\/\/www.guliapfactory.com\/en\/wp-json\/wp\/v2\/pages\/3","targetHints":{"allow":["GET"]}}],"collection":[{"href":"https:\/\/www.guliapfactory.com\/en\/wp-json\/wp\/v2\/pages"}],"about":[{"href":"https:\/\/www.guliapfactory.com\/en\/wp-json\/wp\/v2\/types\/page"}],"author":[{"embeddable":true,"href":"https:\/\/www.guliapfactory.com\/en\/wp-json\/wp\/v2\/users\/1"}],"replies":[{"embeddable":true,"href":"https:\/\/www.guliapfactory.com\/en\/wp-json\/wp\/v2\/comments?post=3"}],"version-history":[{"count":7,"href":"https:\/\/www.guliapfactory.com\/en\/wp-json\/wp\/v2\/pages\/3\/revisions"}],"predecessor-version":[{"id":8039,"href":"https:\/\/www.guliapfactory.com\/en\/wp-json\/wp\/v2\/pages\/3\/revisions\/8039"}],"wp:attachment":[{"href":"https:\/\/www.guliapfactory.com\/en\/wp-json\/wp\/v2\/media?parent=3"}],"curies":[{"name":"wp","href":"https:\/\/api.w.org\/{rel}","templated":true}]}}