{"id":12,"date":"2023-02-08T18:44:18","date_gmt":"2023-02-08T17:44:18","guid":{"rendered":"https:\/\/www.guliapfactory.com\/?page_id=12"},"modified":"2023-02-09T19:09:13","modified_gmt":"2023-02-09T18:09:13","slug":"politica-de-venta-online","status":"publish","type":"page","link":"https:\/\/www.guliapfactory.com\/es\/politica-de-venta-online\/","title":{"rendered":"Pol\u00edtica de Venta Online"},"content":{"rendered":"<div class=\"wpb-content-wrapper\"><div class=\"vc_row wpb_row vc_row-fluid\"><div class=\"wpb_column vc_column_container vc_col-sm-3\"><div class=\"vc_column-inner\"><div class=\"wpb_wrapper\"><\/div><\/div><\/div><div class=\"wpb_column vc_column_container vc_col-sm-6 vc_col-has-fill wd-rs-63e3e0c066be6\"><div class=\"vc_column-inner vc_custom_1675878611889\"><div class=\"wpb_wrapper\">\n\t<div class=\"wpb_text_column wpb_content_element\" >\n\t\t<div class=\"wpb_wrapper\">\n\t\t\t<h2 style=\"text-align: center;\">CONDICIONES GENERALES DE VENTA ONLINE<\/h2>\n<p>Las compras realizadas en Guliap Factory quedan sometidas a las condiciones generales de venta contenidas en la p\u00e1gina en el momento de cursarse la correspondiente orden de compra. La formalizaci\u00f3n de un pedido conlleva la \u00edntegra aceptaci\u00f3n de las mismas.<\/p>\n<p><strong>CELEBRACI\u00d3N DEL CONTRATO\u00a0<\/strong><\/p>\n<p>La informaci\u00f3n relativa a la disponibilidad de una obra de arte, que aparece en la p\u00e1gina, est\u00e1 sujeta a cambios sin previo aviso que dependen de la demanda de nuestros clientes y de la disposici\u00f3n de nuestros artistas.<br \/>Cuando realice un pedido se lo confirmaremos por correo electr\u00f3nico y le informaremos sobre cualquier modificaci\u00f3n de disponibilidad relativa a las obras que desea. Debe revisar dicho correo y comunicarnos de inmediato cualquier error o discrepancia con respecto al precio, la entrega o la forma de pago.<br \/>Guliap Factory se reserva el derecho de anular aquellos pedidos efectuados en base a errores tipogr\u00e1ficos, aritm\u00e9ticos o que contengan una direcci\u00f3n de env\u00edo imprecisa que pueda dificultar la entrega de las obras.<br \/>Guliap Factory respeta su derecho a cambiar de opini\u00f3n. Si desea anular un pedido que todav\u00eda no ha sido expedido, puede hacerlo indicando por escrito a la direcci\u00f3n electr\u00f3nica info@guliapfactory.com el n\u00famero de pedido que desea cancelar.<\/p>\n<p><strong>ENTREGA\u00a0<\/strong><\/p>\n<p>Los pedidos ser\u00e1n entregados en un \u00fanico env\u00edo.<br \/>Los gastos de env\u00edo ser\u00e1n abonados independientemente para cada env\u00edo.<br \/>El plazo de entrega de cada art\u00edculo quedar\u00e1 sujeto al lugar de destino del pedido, a la disponibilidad de las obras y al tipo de env\u00edo que haya solicitado.<br \/>En los env\u00edos internacionales, los costes adicionales derivados de los diferentes despachos de aduanas, deber\u00e1n ser abonados por el cliente.<\/p>\n<p><strong>MEDIOS DE PAGO\u00a0<\/strong><\/p>\n<p>Guliap Factory acepta como medios de pago electr\u00f3nico la transferencia bancaria.<\/p>\n<p><strong>DEVOLUCI\u00d3N\u00a0<\/strong><\/p>\n<p>Guliap Factory aceptar\u00e1 todas las devoluciones que se efect\u00faen dentro del plazo se\u00f1alado (7 d\u00edas desde la recepci\u00f3n del art\u00edculo) y siempre que la obra de arte se encuentre en perfecto estado y en su embalaje original, siendo debidamente informada de dicha devoluci\u00f3n con 3 d\u00edas m\u00ednimo de antelaci\u00f3n .<br \/>Una vez recibida la obra en nuestro domicilio en Barcelona, Guliap Factory proceder\u00e1 a la comprobaci\u00f3n de su estado antes de proceder al reintegro de su importe.<\/p>\n<p><strong>IMPUESTOS\u00a0<\/strong><\/p>\n<p>Guliap Factory aplica los impuestos seg\u00fan lo establecido por la legislaci\u00f3n espa\u00f1ola vigente.<\/p>\n<p><strong>LEY APLICABLE\u00a0<\/strong><\/p>\n<p>Las compras realizadas en Guliap Factory quedan sometidas a la normativa vigente espa\u00f1ola y al resto de la legislaci\u00f3n concordante.<br \/>Respecto a cualquier discrepancia o divergencia que pudiera surgir sobre el cumplimiento o la interpretaci\u00f3n del acuerdo de compra alcanzado, o alguna de sus condiciones, las partes se\u00a0someten a los juzgados y tribunales de Barcelona.<\/p>\n<p>&nbsp;<\/p>\n\n\t\t<\/div>\n\t<\/div>\n<\/div><\/div><\/div><div class=\"wpb_column vc_column_container vc_col-sm-3\"><div class=\"vc_column-inner\"><div class=\"wpb_wrapper\"><\/div><\/div><\/div><\/div><\/div>","protected":false},"excerpt":{"rendered":"CONDICIONES GENERALES DE VENTA ONLINE Las compras realizadas en Guliap Factory quedan sometidas a las condiciones generales de venta contenidas","protected":false},"author":1,"featured_media":0,"parent":0,"menu_order":0,"comment_status":"closed","ping_status":"closed","template":"","meta":{"footnotes":""},"class_list":["post-12","page","type-page","status-publish","hentry"],"_links":{"self":[{"href":"https:\/\/www.guliapfactory.com\/es\/wp-json\/wp\/v2\/pages\/12","targetHints":{"allow":["GET"]}}],"collection":[{"href":"https:\/\/www.guliapfactory.com\/es\/wp-json\/wp\/v2\/pages"}],"about":[{"href":"https:\/\/www.guliapfactory.com\/es\/wp-json\/wp\/v2\/types\/page"}],"author":[{"embeddable":true,"href":"https:\/\/www.guliapfactory.com\/es\/wp-json\/wp\/v2\/users\/1"}],"replies":[{"embeddable":true,"href":"https:\/\/www.guliapfactory.com\/es\/wp-json\/wp\/v2\/comments?post=12"}],"version-history":[{"count":4,"href":"https:\/\/www.guliapfactory.com\/es\/wp-json\/wp\/v2\/pages\/12\/revisions"}],"predecessor-version":[{"id":8038,"href":"https:\/\/www.guliapfactory.com\/es\/wp-json\/wp\/v2\/pages\/12\/revisions\/8038"}],"wp:attachment":[{"href":"https:\/\/www.guliapfactory.com\/es\/wp-json\/wp\/v2\/media?parent=12"}],"curies":[{"name":"wp","href":"https:\/\/api.w.org\/{rel}","templated":true}]}}