{"id":3,"date":"2022-11-18T17:01:56","date_gmt":"2022-11-18T17:01:56","guid":{"rendered":"https:\/\/www.guliapfactory.com\/?page_id=3"},"modified":"2023-02-09T19:45:38","modified_gmt":"2023-02-09T18:45:38","slug":"politica-de-privacidad","status":"publish","type":"page","link":"https:\/\/www.guliapfactory.com\/es\/politica-de-privacidad\/","title":{"rendered":"Pol\u00edtica de Privacidad"},"content":{"rendered":"<div class=\"wpb-content-wrapper\"><div class=\"vc_row wpb_row vc_row-fluid\"><div class=\"wpb_column vc_column_container vc_col-sm-3\"><div class=\"vc_column-inner\"><div class=\"wpb_wrapper\"><\/div><\/div><\/div><div class=\"wpb_column vc_column_container vc_col-sm-6 vc_col-has-fill wd-rs-63e3e076ab3d1\"><div class=\"vc_column-inner vc_custom_1675878541849\"><div class=\"wpb_wrapper\">\n\t<div class=\"wpb_text_column wpb_content_element\" >\n\t\t<div class=\"wpb_wrapper\">\n\t\t\t<div class=\"post-title-wrapper\">\n<h1 class=\"post-title\" style=\"text-align: left;\"><strong style=\"font-size: 22px;\">CONDICIONES DE USO<\/strong><\/h1>\n<\/div>\n<p>La direcci\u00f3n de nuestra web es: https:\/\/www.guliapfactory.com<\/p>\n<p>El uso de este sitio web est\u00e1 condicionado a la aceptaci\u00f3n por los usuarios de los t\u00e9rminos y condiciones aqu\u00ed detallados. Al usar este sitio web se entender\u00e1 que usted manifiesta su acuerdo, de forma t\u00e1cita, plena y sin reservas, con la totalidad del contenido de las presentes condiciones de uso en su versi\u00f3n publicada en el sitio web en el momento del acceso. Si no las acepta, es libre de abandonar el sitio web.<\/p>\n<p>Guliap Factory se reserva el derecho a modificar las presentes condiciones de uso cuando lo considere oportuno y sin previo aviso. El uso de este sitio web estar\u00e1 sujeto a una versi\u00f3n m\u00e1s reciente publicada en el sitio en el momento del acceso.<\/p>\n<h3><strong>PROPIEDAD DE ESTA P\u00c1GINA\u00a0\u00a0WEB<\/strong><\/h3>\n<p><strong>Nombre:<\/strong> J\u00falia R\u00edos P\u00e9rez<\/p>\n<p><strong>DNI.:<\/strong> 47839782N<\/p>\n<p><strong>Direcci\u00f3n:<\/strong> C\/ Papiol, 3<\/p>\n<p><strong>Poblaci\u00f3n:<\/strong> 08720 Vilafranca del Pened\u00e8s<\/p>\n<p><strong>Provincia:<\/strong> Barcelona<\/p>\n<p><strong>Nombre art\u00edstico:<\/strong> Guliap Factory<\/p>\n<p>Este sitio web es propiedad y est\u00e1 mantenido por Guliap Factory y act\u00faa mercantilmente como portal de arte. Todos los derechos del contenido incluido en dicha web, as\u00ed como las im\u00e1genes, textos, videos, ilustraciones y programas inform\u00e1ticos son propiedad de Guliap Factory\u00a0 y\/o sus artistas. Todos los elementos de la web de Guliap Factory, incluyendo sin limitaciones, el dise\u00f1o general y el contenido est\u00e1n protegidos por las leyes de la propiedad intelectual.<\/p>\n<h3><strong>USO DEL CONTENIDO<\/strong><\/h3>\n<p>A menos que sea expl\u00edcitamente autorizado por Guliap Factory, usted no puede reproducir, plagiar, copiar, distribuir, transmitir o explotar el contenido de esta web de ning\u00fan modo. Deber\u00e1 atenerse a las condiciones de uso establecidas y deber\u00e1 indemnizar a Guliap Factory y\/o sus artistas contra cualquier p\u00e9rdida, gasto, coste, da\u00f1o o perjuicio que resulte del incumplimiento por su parte de las presentes condiciones o del uso del contenido de esta web sin previa autorizaci\u00f3n.<\/p>\n<h3><strong>LEGISLACI\u00d3N Y JURISDICCI\u00d3N APLICABLE<\/strong><\/h3>\n<p>Estas condiciones deben ser interpretadas y est\u00e1n regidas por la legislaci\u00f3n espa\u00f1ola, y cualquier disputa derivada de estas condiciones deber\u00e1 dirimirse ante los tribunales de Barcelona, Espa\u00f1a. Este acuerdo no estar\u00e1 regulado por la convenci\u00f3n de las Naciones Unidas sobre los contratos para la venta internacional de mercanc\u00edas, cuya aplicaci\u00f3n se rechaza expresamente.<\/p>\n<h3><\/h3>\n<h3>CONFIDENCIALIDAD<\/h3>\n<p>En Guliap Factory respetamos su derecho a la intimidad y comprendemos lo importante que es para usted la confidencialidad y seguridad de los datos que le identifican como usuario de nuestro portal.<br \/>\nA tal efecto, deseamos informarle de lo siguiente:<\/p>\n<p>\u2013 cuando se registre o compre en nuestro portal, deber\u00e1 especificar los datos que precisamos para un efectivo tratamiento en nuestra base interna. Estos datos nos permitir\u00e1n tramitar su pedido, as\u00ed como informarle puntualmente del estado del mismo.<\/p>\n<p>\u2013 las operaciones de pago online se efectuar\u00e1n a trav\u00e9s de transferencia bancaria (posibilidad de a\u00f1adir cualquier otro m\u00e9todo de aqu\u00ed a un tiempo). Guliap Factory no almacena los datos correspondientes a su tarjeta de cr\u00e9dito o d\u00e9bito (si fuese el caso, actualmente no lo es).<\/p>\n<h3>PROTECCI\u00d3N DE DATOS<\/h3>\n<p>En Guliap Factory disponemos de estrictos procedimientos de seguridad relativos al almacenamiento y revelaci\u00f3n de datos al objeto de evitar todo acceso no autorizado a los mismos, de acuerdo con lo que dispone el art\u00edculo 9 de la ley org\u00e1nica 15\/1999, de protecci\u00f3n de datos de car\u00e1cter personal.<\/p>\n<p>Guliap Factory le informa que, tras cumplimentar el formulario de consulta, incorporar\u00e1 sus datos personales a un fichero automatizado de datos interno (no se extender\u00e1 a ning\u00fan tercero, siempre y cuando no sea a trav\u00e9s de decreto judicial y estemos obligados a ello).<\/p>\n<p>Guliap Factory le garantiza, que tratar\u00e1 confidencialmente sus datos personales por cuanto que los ficheros en los cuales se almacenar\u00e1n y tratar\u00e1n dichos datos gozan de las medidas de seguridad necesarias para evitar la p\u00e9rdida, tratamiento o el acceso no autorizado a dichos datos por parte de terceros.<\/p>\n<p>Por ello y en cumplimiento con lo establecido ley 34\/2002, de 11 de julio, de servicios de la sociedad de la informaci\u00f3n y de comercio electr\u00f3nico, Guliap Factory informa que podr\u00e1 utilizar las direcciones de correo electr\u00f3nico facilitadas, para remitirte informaci\u00f3n de car\u00e1cter cultural y comercial de inter\u00e9s relativa a la actividad de la galer\u00eda online.<\/p>\n<p>Asimismo, le informamos de su capacidad de ejercer, en los t\u00e9rminos establecidos en la LOPD, los derechos de acceso, rectificaci\u00f3n, cancelaci\u00f3n y oposici\u00f3n de sus datos de car\u00e1cter personal, siendo el responsable del fichero Guliap Factory.<\/p>\n<p>En caso de que no quieran recibir m\u00e1s comunicaciones por parte de Guliap Factory, pueden enviarnos un correo electr\u00f3nico a info@guliapfactory.com, donde nos manifieste su voluntad de desvincularse de todo contacto con nosotros.<\/p>\n\n\t\t<\/div>\n\t<\/div>\n<\/div><\/div><\/div><div class=\"wpb_column vc_column_container vc_col-sm-3\"><div class=\"vc_column-inner\"><div class=\"wpb_wrapper\"><\/div><\/div><\/div><\/div>\n<\/div>","protected":false},"excerpt":{"rendered":"CONDICIONES DE USO La direcci\u00f3n de nuestra web es: https:\/\/www.guliapfactory.com El uso de este sitio web est\u00e1 condicionado a la","protected":false},"author":1,"featured_media":0,"parent":0,"menu_order":0,"comment_status":"closed","ping_status":"open","template":"","meta":{"footnotes":""},"class_list":["post-3","page","type-page","status-publish","hentry"],"_links":{"self":[{"href":"https:\/\/www.guliapfactory.com\/es\/wp-json\/wp\/v2\/pages\/3","targetHints":{"allow":["GET"]}}],"collection":[{"href":"https:\/\/www.guliapfactory.com\/es\/wp-json\/wp\/v2\/pages"}],"about":[{"href":"https:\/\/www.guliapfactory.com\/es\/wp-json\/wp\/v2\/types\/page"}],"author":[{"embeddable":true,"href":"https:\/\/www.guliapfactory.com\/es\/wp-json\/wp\/v2\/users\/1"}],"replies":[{"embeddable":true,"href":"https:\/\/www.guliapfactory.com\/es\/wp-json\/wp\/v2\/comments?post=3"}],"version-history":[{"count":7,"href":"https:\/\/www.guliapfactory.com\/es\/wp-json\/wp\/v2\/pages\/3\/revisions"}],"predecessor-version":[{"id":8039,"href":"https:\/\/www.guliapfactory.com\/es\/wp-json\/wp\/v2\/pages\/3\/revisions\/8039"}],"wp:attachment":[{"href":"https:\/\/www.guliapfactory.com\/es\/wp-json\/wp\/v2\/media?parent=3"}],"curies":[{"name":"wp","href":"https:\/\/api.w.org\/{rel}","templated":true}]}}